{"id":15,"date":"2015-08-20T13:36:37","date_gmt":"2015-08-20T11:36:37","guid":{"rendered":"http:\/\/localhost\/wordpress\/?page_id=15"},"modified":"2015-11-11T11:55:58","modified_gmt":"2015-11-11T10:55:58","slug":"impressum","status":"publish","type":"page","link":"https:\/\/www.rudloff-steuerberatung.de\/en\/impressum\/","title":{"rendered":"Imprint"},"content":{"rendered":"<p><strong>Imprint<\/strong><\/p>\n<p>Katharina Rudloff Steuerberatungsgesellschaft mbH<br \/>\nM\u00fchlenstra\u00dfe 30<br \/>\n12247 Berlin<br \/>\nFon +49 (0)30 766 90 90<br \/>\nFax +49 (0)30 766 90 922<br \/>\nEmail <a href=\"mailto:mail@rudloff-steuerberatung.de\">mail@rudloff-steuerberatung.de<\/a><br \/>\n<a href=\"http:\/\/www.rudloff-steuerberatung.de\">www.rudloff-steuerberatung.de<\/a><\/p>\n<p><strong>Gesch\u00e4ftsf\u00fchrerin:<\/strong><br \/>\nGabriele Calo, Steuerberaterin<br \/>\n<strong>St-Nr.:<\/strong><br \/>\n29\/409\/06053<br \/>\n<strong>Sitz der Gesellschaft:<\/strong><br \/>\nBerlin<br \/>\n<strong>Registergericht:<\/strong><br \/>\nAmtsgericht Charlottenburg<br \/>\nHandelsregister HRB 33075<br \/>\n<strong>Zust\u00e4ndige Aufsichtsbeh\u00f6rde:<\/strong><br \/>\nSteuerberaterkammer Berlin<br \/>\nWichmannstr. 6<br \/>\n10787 Berlin<br \/>\n<a href=\"http:\/\/www.stbk-berlin.de\/\" target=\"_blank\">www.stbk-berlin.de<\/a><\/p>\n<p style=\"text-align: justify;\">Die gesetzlichen Berufsbezeichnungen der oben genannten Gesellschaft sowie die Berufsbezeichnung der auf den Seiten genannten nat\u00fcrlichen Person wurden in der Bundesrepublik Deutschland verliehen.<\/p>\n<p><strong>Steuerberater:<\/strong><br \/>\nAlle als Steuerberater bezeichneten Personen sind in der Bundesrepublik Deutschland als Steuerberater zugelassen und Mitglied der Steuerberaterkammer Berlin. Der Berufsstand der Steuerberater unterliegt im Wesentlichen folgenden berufsrechtlichen Regelungen:<\/p>\n<ul>\n<li style=\"text-align: justify;\">Steuerberatungsgesetz (StBerG)<\/li>\n<li style=\"text-align: justify;\">Verordnung zur Durchf\u00fchrung der Vorschriften \u00fcber Steuerberater, Steuerbevollm\u00e4chtigte und Steuerberatungsgesellschaften (DVStB)<\/li>\n<li style=\"text-align: justify;\">\u00a0Steuerberaterverg\u00fctungsverordnung (StBVV)<\/li>\n<li style=\"text-align: justify;\">\u00a0Berufsordnung der Bundessteuerberaterkammer (BOStB)<\/li>\n<\/ul>\n<p style=\"text-align: justify;\">Die vorstehenden Regelungen und weitere Informationen k\u00f6nnen auf der Internetseite der Bundessteuerberaterkammer unter <a href=\"https:\/\/www.bstbk.de\" target=\"_blank\">https:\/\/www.bstbk.de<\/a> abgerufen werden.<\/p>\n<p style=\"text-align: justify;\"><strong>Berufshaftpflichtversicherung:<\/strong><br \/>\nDie Berufshaftpflichtversicherung Steuerberater besteht bei der Allianz Versicherungs-AG, 10900 Berlin.<br \/>\nDer r\u00e4umliche Geltungsbereich des Versicherungsschutzes umfasst Dienstleistungen zumindest in den Mitgliedsl\u00e4ndern der Europ\u00e4ischen Union und gen\u00fcgt mindestens den Anforderungen nach \u00a7 67 Steuerberatungsgesetz (StBerG) in Verbindung mit \u00a7\u00a7 51 ff. der Verordnung zur Durchf\u00fchrung der Vorschriften \u00fcber Steuerberater, Steuerbevollm\u00e4chtigte und Steuerberatungsgesellschaften (DVStB).<\/p>\n<p><\/p>","protected":false},"excerpt":{"rendered":"<p>Imprint Katharina Rudloff Steuerberatungsgesellschaft mbH M\u00fchlenstra\u00dfe 30 12247 Berlin Fon +49 (0)30 766 90 90 Fax +49 (0)30 766 90 922 Email mail@rudloff-steuerberatung.de www.rudloff-steuerberatung.de Gesch\u00e4ftsf\u00fchrerin: Gabriele Calo, Steuerberaterin St-Nr.: 29\/409\/06053 Sitz der Gesellschaft: Berlin Registergericht: Amtsgericht Charlottenburg Handelsregister HRB 33075 Zust\u00e4ndige Aufsichtsbeh\u00f6rde: Steuerberaterkammer Berlin Wichmannstr. 6 10787 Berlin www.stbk-berlin.de Die gesetzlichen Berufsbezeichnungen der oben genannten &hellip; <a href=\"https:\/\/www.rudloff-steuerberatung.de\/en\/impressum\/\" class=\"more-link\">Continue reading <span class=\"screen-reader-text\">Imprint<\/span> <span class=\"meta-nav\">&rarr;<\/span><\/a><\/p>\n","protected":false},"author":2,"featured_media":0,"parent":0,"menu_order":0,"comment_status":"closed","ping_status":"closed","template":"","meta":{"footnotes":""},"class_list":["post-15","page","type-page","status-publish","hentry"],"_links":{"self":[{"href":"https:\/\/www.rudloff-steuerberatung.de\/en\/wp-json\/wp\/v2\/pages\/15","targetHints":{"allow":["GET"]}}],"collection":[{"href":"https:\/\/www.rudloff-steuerberatung.de\/en\/wp-json\/wp\/v2\/pages"}],"about":[{"href":"https:\/\/www.rudloff-steuerberatung.de\/en\/wp-json\/wp\/v2\/types\/page"}],"author":[{"embeddable":true,"href":"https:\/\/www.rudloff-steuerberatung.de\/en\/wp-json\/wp\/v2\/users\/2"}],"replies":[{"embeddable":true,"href":"https:\/\/www.rudloff-steuerberatung.de\/en\/wp-json\/wp\/v2\/comments?post=15"}],"version-history":[{"count":10,"href":"https:\/\/www.rudloff-steuerberatung.de\/en\/wp-json\/wp\/v2\/pages\/15\/revisions"}],"predecessor-version":[{"id":168,"href":"https:\/\/www.rudloff-steuerberatung.de\/en\/wp-json\/wp\/v2\/pages\/15\/revisions\/168"}],"wp:attachment":[{"href":"https:\/\/www.rudloff-steuerberatung.de\/en\/wp-json\/wp\/v2\/media?parent=15"}],"curies":[{"name":"wp","href":"https:\/\/api.w.org\/{rel}","templated":true}]}}